{"id":4889,"date":"2018-09-28T12:53:53","date_gmt":"2018-09-28T12:53:53","guid":{"rendered":"https:\/\/goethemalcesine.com.graffitiweb.site\/attivita\/"},"modified":"2025-05-15T07:10:05","modified_gmt":"2025-05-15T07:10:05","slug":"attivita","status":"publish","type":"page","link":"https:\/\/goethemalcesine.com\/de\/attivita\/","title":{"rendered":"Gebiet"},"content":{"rendered":"<div class=\"wpb-content-wrapper\"><p>[vc_row][vc_column]<script>\n    (function($){\n        'use strict';\n\n        var $container, $filter, $grid;\n\n        if(!$) return;\n\n        $(function(){\n            \/\/ Check all necessary modules have been included\n            if(!window.Milenia || !window.MileniaIsotopeWrapper || !$.fn.isotope || !$.fn.jQueryImagesLoaded) return;\n\n            $container = $('#vc-offers-container-8194042c26231852d7b83df27bf93e4c-17763417041454065076');\n            $grid = $container.find('.milenia-grid--isotope');\n            $filter = $('#vc-offers-filter-c16a3b8b4b14151a197f39ba3a49d7fd-1776341704377964019');\n\n            if(!$container.length || !$grid.length) return;\n\n            if(window.appear) {\n                appear({\n                    elements: function(){\n                        return document.querySelectorAll('#vc-offers-container-8194042c26231852d7b83df27bf93e4c-17763417041454065076');\n                    },\n                    appear: function(element) {\n                        var $el = $(element);\n                        $el.addClass('milenia-visible').addClass($el.data('animation'));\n                    },\n                    reappear: false,\n                    bounds: -200\n                });\n            }\n\n            $container.jQueryImagesLoaded().then(function(){\n                MileniaIsotopeWrapper.init($grid, {\n                    itemSelector: '.milenia-grid-item',\n                    transitionDuration: Milenia.ANIMATIONDURATION\n                });\n            });\n\n            if(window.Milenia.LinkUnderliner) {\n                window.Milenia.LinkUnderliner.init($container.find('a'));\n                if($filter.length) {\n                    window.Milenia.LinkUnderliner.init($filter.find('a'));\n                }\n            }\n        });\n    })(window.jQuery);\n<\/script>\n<!-- - - - - - - - - - - - - - Isotope Filter - - - - - - - - - - - - - - - - -->\n<nav class=\"milenia-filter-wrap text-center\">\n    <ul id=\"vc-offers-filter-c16a3b8b4b14151a197f39ba3a49d7fd-1776341704377964019\" class=\"milenia-filter milenia-list--unstyled\">\n        <li><a href=\"#\" class=\"milenia-active\" data-filter=\"*\">All<\/a><\/li><li><a href=\"#\" data-filter=\".milenia-offers-categories-divertimento-de\">Spa\u00df<\/a><\/li>\r\n<li><a href=\"#\" data-filter=\".milenia-offers-categories-cultura-de\">Kultur<\/a><\/li>\r\n<li><a href=\"#\" data-filter=\".milenia-offers-categories-arte-de\">Kunst<\/a><\/li>\r\n<li><a href=\"#\" data-filter=\".milenia-offers-categories-sport-de\">Sport<\/a><\/li>\n    <\/ul>\n<\/nav>\n<!-- - - - - - - - - - - - - - End of Isotope Filter - - - - - - - - - - - - - - - - -->\n\n<!-- - - - - - - - - - - - - - Isotope Container - - - - - - - - - - - - - - - - -->\n<div id=\"vc-offers-container-8194042c26231852d7b83df27bf93e4c-17763417041454065076\" class=\"milenia-pricing-tables milenia-pricing-tables--style-1 milenia-visible \"\n    data-animation=\"none\">\n    <div class=\"milenia-grid milenia-grid--isotope milenia-grid--shortcode milenia-grid--cols-2\"\n         data-isotope-layout=\"masonry\"\n         data-isotope-filter=\"#vc-offers-filter-c16a3b8b4b14151a197f39ba3a49d7fd-1776341704377964019\"\n         data-items-per-page=\"6\">\n        <div class=\"milenia-grid-sizer\"><\/div>\n        \t\t\t\t\n<div class=\"milenia-grid-item post-4896 milenia-offers type-milenia-offers status-publish has-post-thumbnail hentry milenia-offers-categories-divertimento-de\">\n    <!--================ Offer ================-->\n    <article class=\"milenia-pricing-table post-4896 milenia-offers type-milenia-offers status-publish has-post-thumbnail hentry milenia-offers-categories-divertimento-de\">\n                    <div class=\"milenia-pricing-table-media\">\n                <a class=\"milenia-pricing-table-link milenia-ln--independent\">\n                    <img loading=\"lazy\" decoding=\"async\" width=\"700\" height=\"444\" src=\"https:\/\/goethemalcesine.com\/wp-content\/uploads\/2018\/09\/gardaland.jpg\" class=\"attachment-entity-thumb-square size-entity-thumb-square wp-post-image\" alt=\"\" srcset=\"https:\/\/goethemalcesine.com\/wp-content\/uploads\/2018\/09\/gardaland.jpg 700w, https:\/\/goethemalcesine.com\/wp-content\/uploads\/2018\/09\/gardaland-300x190.jpg 300w, https:\/\/goethemalcesine.com\/wp-content\/uploads\/2018\/09\/gardaland-680x431.jpg 680w\" sizes=\"auto, (max-width: 700px) 100vw, 700px\" \/>                <\/a>\n            <\/div>\n        \n        <div class=\"milenia-pricing-table-content milenia-outline-over\">\n                            <h2 class=\"milenia-pricing-table-title\">\n                    <a class=\"milenia-color--unchangeable\">NATURPARKS UND VERGN\u00dcNGSPARKS<\/a>\n                <\/h2>\n                        <p>Naturparks: Rund um den Gardasee gibt es zahlreiche Naturparks: den Botanischen Garten auf dem Monte Baldo, in 1232 m. H\u00f6he, der Parco Giardino Sigurt\u00e0 in Valeggio sul Mincio, &#8220;Baia delle Sirene&#8221; in Garda.<\/p>\n<p>Vergn\u00fcngsparks: An Gardasee jeder findet sein eigenes Abenteuer: Gardaland , Parco Faunistico &#038; Safari Park Natura Viva, Jungle Adventures Park, Movie Studios &#038; Aqua Paradise Park Canevaworld.<\/p>\n            \n            <a href=\"https:\/\/goethemalcesine.com\/de\/territorio\/parchi-naturali-e-parchi-divertimentoz\/\" class=\"milenia-btn milenia-btn--link milenia-btn--scheme-primary\">More Details<\/a>\n        <\/div>\n    <\/article>\n    <!--================ End of Offer ================-->\n<\/div>\n\t\t\t\t\t\t\t\n<div class=\"milenia-grid-item post-4894 milenia-offers type-milenia-offers status-publish has-post-thumbnail hentry milenia-offers-categories-cultura-de\">\n    <!--================ Offer ================-->\n    <article class=\"milenia-pricing-table post-4894 milenia-offers type-milenia-offers status-publish has-post-thumbnail hentry milenia-offers-categories-cultura-de\">\n                    <div class=\"milenia-pricing-table-media\">\n                <a class=\"milenia-pricing-table-link milenia-ln--independent\">\n                    <img loading=\"lazy\" decoding=\"async\" width=\"1350\" height=\"1080\" src=\"https:\/\/goethemalcesine.com\/wp-content\/uploads\/2018\/09\/castle-1350x1080.jpg\" class=\"attachment-entity-thumb-square size-entity-thumb-square wp-post-image\" alt=\"\" \/>                <\/a>\n            <\/div>\n        \n        <div class=\"milenia-pricing-table-content milenia-outline-over\">\n                            <h2 class=\"milenia-pricing-table-title\">\n                    <a class=\"milenia-color--unchangeable\">DER BELIEBTESTE FERIENORT AM GARDASEE<\/a>\n                <\/h2>\n                        <p>Malcesine ist der beliebteste Ferienort am Gardasee. Er liegt direkt unterhalb des majest\u00e4tischen Monte Baldo am \u00f6stlichen Nordufer. Die wundersch\u00f6ne Altstadt mit ihren verwinkelten Gassen, dem bezeichnenden Hafen sowie der sch\u00f6nen Seeuferpromenade verf\u00fchren zum Bummeln. \u00dcber dem St\u00e4dtchen thront die Skaliger Burg, von wo aus man einen wundersch\u00f6nen Blick auf den Gardasee hat. Diese Ansicht inspirierte auch Goethe: w\u00e4hrend seiner Italienreise 1786 griff er beherzt zum Pinsel, um den wundersch\u00f6nen Anblick festzuhalten.<\/p>\n            \n            <a href=\"https:\/\/goethemalcesine.com\/de\/territorio\/il-luogo-di-vacanza-piu-amato-del-lago-di-garda\/\" class=\"milenia-btn milenia-btn--link milenia-btn--scheme-primary\">More Details<\/a>\n        <\/div>\n    <\/article>\n    <!--================ End of Offer ================-->\n<\/div>\n\t\t\t\t\t\t\t\n<div class=\"milenia-grid-item post-4892 milenia-offers type-milenia-offers status-publish has-post-thumbnail hentry milenia-offers-categories-arte-de\">\n    <!--================ Offer ================-->\n    <article class=\"milenia-pricing-table post-4892 milenia-offers type-milenia-offers status-publish has-post-thumbnail hentry milenia-offers-categories-arte-de\">\n                    <div class=\"milenia-pricing-table-media\">\n                <a class=\"milenia-pricing-table-link milenia-ln--independent\">\n                    <img loading=\"lazy\" decoding=\"async\" width=\"899\" height=\"600\" src=\"https:\/\/goethemalcesine.com\/wp-content\/uploads\/2018\/09\/palazzocapitani.jpg\" class=\"attachment-entity-thumb-square size-entity-thumb-square wp-post-image\" alt=\"\" srcset=\"https:\/\/goethemalcesine.com\/wp-content\/uploads\/2018\/09\/palazzocapitani.jpg 899w, https:\/\/goethemalcesine.com\/wp-content\/uploads\/2018\/09\/palazzocapitani-300x200.jpg 300w, https:\/\/goethemalcesine.com\/wp-content\/uploads\/2018\/09\/palazzocapitani-768x513.jpg 768w, https:\/\/goethemalcesine.com\/wp-content\/uploads\/2018\/09\/palazzocapitani-660x440.jpg 660w, https:\/\/goethemalcesine.com\/wp-content\/uploads\/2018\/09\/palazzocapitani-680x454.jpg 680w\" sizes=\"auto, (max-width: 899px) 100vw, 899px\" \/>                <\/a>\n            <\/div>\n        \n        <div class=\"milenia-pricing-table-content milenia-outline-over\">\n                            <h2 class=\"milenia-pricing-table-title\">\n                    <a class=\"milenia-color--unchangeable\">KUNST IN MALCESINE<\/a>\n                <\/h2>\n                        <p>Sehenswert ist auch der &#8220;Palazzo dei Capitani&#8221;, ein wundersch\u00f6ner Palast aus dem sechzehnten Jahrhundert, dessen Garten direkt am Wasser liegt. Einen einmaligen Blick \u00fcber den Gardasee und sein Umland kann man auch bekommen, wenn man mit der Seilbahn, die 2002 grundlegend erneuert wurde, auf den Monte Baldo f\u00e4hrt. Die Bergstation liegt auf ca. 1.800 m H\u00f6he und bietet einen idealen Ausgangspunkt f\u00fcr Wanderungen und Touren mit dem Mountainbike.<\/p>\n            \n            <a href=\"https:\/\/goethemalcesine.com\/de\/territorio\/arte-a-malcesine\/\" class=\"milenia-btn milenia-btn--link milenia-btn--scheme-primary\">More Details<\/a>\n        <\/div>\n    <\/article>\n    <!--================ End of Offer ================-->\n<\/div>\n\t\t\t\t\t\t\t\n<div class=\"milenia-grid-item post-4898 milenia-offers type-milenia-offers status-publish has-post-thumbnail hentry milenia-offers-categories-sport-de\">\n    <!--================ Offer ================-->\n    <article class=\"milenia-pricing-table post-4898 milenia-offers type-milenia-offers status-publish has-post-thumbnail hentry milenia-offers-categories-sport-de\">\n                    <div class=\"milenia-pricing-table-media\">\n                <a class=\"milenia-pricing-table-link milenia-ln--independent\">\n                    <img loading=\"lazy\" decoding=\"async\" width=\"1024\" height=\"681\" src=\"https:\/\/goethemalcesine.com\/wp-content\/uploads\/2018\/09\/DSC6580.jpg\" class=\"attachment-entity-thumb-square size-entity-thumb-square wp-post-image\" alt=\"\" srcset=\"https:\/\/goethemalcesine.com\/wp-content\/uploads\/2018\/09\/DSC6580.jpg 1024w, https:\/\/goethemalcesine.com\/wp-content\/uploads\/2018\/09\/DSC6580-300x200.jpg 300w, https:\/\/goethemalcesine.com\/wp-content\/uploads\/2018\/09\/DSC6580-768x511.jpg 768w, https:\/\/goethemalcesine.com\/wp-content\/uploads\/2018\/09\/DSC6580-660x440.jpg 660w, https:\/\/goethemalcesine.com\/wp-content\/uploads\/2018\/09\/DSC6580-680x452.jpg 680w\" sizes=\"auto, (max-width: 1024px) 100vw, 1024px\" \/>                <\/a>\n            <\/div>\n        \n        <div class=\"milenia-pricing-table-content milenia-outline-over\">\n                            <h2 class=\"milenia-pricing-table-title\">\n                    <a class=\"milenia-color--unchangeable\">SEGELN, WINDSURF, KITESURF UND VIELES MEHR!<\/a>\n                <\/h2>\n                        <p>Malcesine zieht Jahr f\u00fcr Jahr viele Freunde verschiedenster Sportarten an, was ohne Zweifel den Reiz dieses Ortes ausmacht.<br \/>\nSegel, Windsurf &#038; Kitesurf, Diving: Die B\u00f6en der zwei Hauptwinde, des &#8220;Peler&#8221; von Norden am Vormittag und des &#8220;Ora&#8221; von S\u00fcden am Nachmittag, bieten die idealen Voraussetzungen f\u00fcr einen atemberaubenden Segelspa\u00df.<br \/>\nGleitschirmfliegen, Fahrrad, Wander: Zwischen Malcesine und dem Monte Baldo gibt es unendlich viele Wanderwege unterschiedlicher L\u00e4nge oder Schwierigkeitsgrade.<br \/>\nSki und Snowboard: Im Winter bringt die Seilbahn hinauf zu den weiten Skigebieten des Monte Baldo&#8230;<\/p>\n            \n            <a href=\"https:\/\/goethemalcesine.com\/de\/territorio\/vela-windsurf-kitesurf-e-tanto-altro\/\" class=\"milenia-btn milenia-btn--link milenia-btn--scheme-primary\">More Details<\/a>\n        <\/div>\n    <\/article>\n    <!--================ End of Offer ================-->\n<\/div>\n\t\t\t\n    <\/div>\n<\/div>\n<!-- - - - - - - - - - - - - - End of Isotope Container - - - - - - - - - - - - - - - - -->\n[\/vc_column][\/vc_row]<\/p>\n<\/div>","protected":false},"excerpt":{"rendered":"<p>[vc_row][vc_column][\/vc_column][\/vc_row]<\/p>\n","protected":false},"author":1,"featured_media":0,"parent":0,"menu_order":0,"comment_status":"closed","ping_status":"closed","template":"","meta":{"footnotes":""},"class_list":["post-4889","page","type-page","status-publish","hentry"],"yoast_head":"<!-- This site is optimized with the Yoast SEO plugin v25.3.1 - https:\/\/yoast.com\/wordpress\/plugins\/seo\/ -->\n<title>Gebiet - RESIDENCE GOETHE<\/title>\n<meta name=\"robots\" content=\"index, follow, max-snippet:-1, max-image-preview:large, max-video-preview:-1\" \/>\n<link rel=\"canonical\" href=\"https:\/\/goethemalcesine.com\/de\/attivita\/\" \/>\n<meta property=\"og:locale\" content=\"de_DE\" \/>\n<meta property=\"og:type\" content=\"article\" \/>\n<meta property=\"og:title\" content=\"Gebiet - RESIDENCE GOETHE\" \/>\n<meta property=\"og:description\" content=\"[vc_row][vc_column][\/vc_column][\/vc_row]\" \/>\n<meta property=\"og:url\" content=\"https:\/\/goethemalcesine.com\/de\/attivita\/\" \/>\n<meta property=\"og:site_name\" content=\"RESIDENCE GOETHE\" \/>\n<meta property=\"article:modified_time\" content=\"2025-05-15T07:10:05+00:00\" \/>\n<meta name=\"twitter:card\" content=\"summary_large_image\" \/>\n<meta name=\"twitter:label1\" content=\"Gesch\u00e4tzte Lesezeit\" \/>\n\t<meta name=\"twitter:data1\" content=\"1\u00a0Minute\" \/>\n<script type=\"application\/ld+json\" class=\"yoast-schema-graph\">{\"@context\":\"https:\/\/schema.org\",\"@graph\":[{\"@type\":\"WebPage\",\"@id\":\"https:\/\/goethemalcesine.com\/de\/attivita\/\",\"url\":\"https:\/\/goethemalcesine.com\/de\/attivita\/\",\"name\":\"Gebiet - RESIDENCE GOETHE\",\"isPartOf\":{\"@id\":\"https:\/\/goethemalcesine.com\/#website\"},\"datePublished\":\"2018-09-28T12:53:53+00:00\",\"dateModified\":\"2025-05-15T07:10:05+00:00\",\"breadcrumb\":{\"@id\":\"https:\/\/goethemalcesine.com\/de\/attivita\/#breadcrumb\"},\"inLanguage\":\"de\",\"potentialAction\":[{\"@type\":\"ReadAction\",\"target\":[\"https:\/\/goethemalcesine.com\/de\/attivita\/\"]}]},{\"@type\":\"BreadcrumbList\",\"@id\":\"https:\/\/goethemalcesine.com\/de\/attivita\/#breadcrumb\",\"itemListElement\":[{\"@type\":\"ListItem\",\"position\":1,\"name\":\"Home\",\"item\":\"https:\/\/goethemalcesine.com\/de\/\"},{\"@type\":\"ListItem\",\"position\":2,\"name\":\"Gebiet\"}]},{\"@type\":\"WebSite\",\"@id\":\"https:\/\/goethemalcesine.com\/#website\",\"url\":\"https:\/\/goethemalcesine.com\/\",\"name\":\"RESIDENCE GOETHE\",\"description\":\"Malcesine - Lago di Garda\",\"potentialAction\":[{\"@type\":\"SearchAction\",\"target\":{\"@type\":\"EntryPoint\",\"urlTemplate\":\"https:\/\/goethemalcesine.com\/?s={search_term_string}\"},\"query-input\":{\"@type\":\"PropertyValueSpecification\",\"valueRequired\":true,\"valueName\":\"search_term_string\"}}],\"inLanguage\":\"de\"}]}<\/script>\n<!-- \/ Yoast SEO plugin. -->","yoast_head_json":{"title":"Gebiet - RESIDENCE GOETHE","robots":{"index":"index","follow":"follow","max-snippet":"max-snippet:-1","max-image-preview":"max-image-preview:large","max-video-preview":"max-video-preview:-1"},"canonical":"https:\/\/goethemalcesine.com\/de\/attivita\/","og_locale":"de_DE","og_type":"article","og_title":"Gebiet - RESIDENCE GOETHE","og_description":"[vc_row][vc_column][\/vc_column][\/vc_row]","og_url":"https:\/\/goethemalcesine.com\/de\/attivita\/","og_site_name":"RESIDENCE GOETHE","article_modified_time":"2025-05-15T07:10:05+00:00","twitter_card":"summary_large_image","twitter_misc":{"Gesch\u00e4tzte Lesezeit":"1\u00a0Minute"},"schema":{"@context":"https:\/\/schema.org","@graph":[{"@type":"WebPage","@id":"https:\/\/goethemalcesine.com\/de\/attivita\/","url":"https:\/\/goethemalcesine.com\/de\/attivita\/","name":"Gebiet - RESIDENCE GOETHE","isPartOf":{"@id":"https:\/\/goethemalcesine.com\/#website"},"datePublished":"2018-09-28T12:53:53+00:00","dateModified":"2025-05-15T07:10:05+00:00","breadcrumb":{"@id":"https:\/\/goethemalcesine.com\/de\/attivita\/#breadcrumb"},"inLanguage":"de","potentialAction":[{"@type":"ReadAction","target":["https:\/\/goethemalcesine.com\/de\/attivita\/"]}]},{"@type":"BreadcrumbList","@id":"https:\/\/goethemalcesine.com\/de\/attivita\/#breadcrumb","itemListElement":[{"@type":"ListItem","position":1,"name":"Home","item":"https:\/\/goethemalcesine.com\/de\/"},{"@type":"ListItem","position":2,"name":"Gebiet"}]},{"@type":"WebSite","@id":"https:\/\/goethemalcesine.com\/#website","url":"https:\/\/goethemalcesine.com\/","name":"RESIDENCE GOETHE","description":"Malcesine - Lago di Garda","potentialAction":[{"@type":"SearchAction","target":{"@type":"EntryPoint","urlTemplate":"https:\/\/goethemalcesine.com\/?s={search_term_string}"},"query-input":{"@type":"PropertyValueSpecification","valueRequired":true,"valueName":"search_term_string"}}],"inLanguage":"de"}]}},"_links":{"self":[{"href":"https:\/\/goethemalcesine.com\/de\/wp-json\/wp\/v2\/pages\/4889","targetHints":{"allow":["GET"]}}],"collection":[{"href":"https:\/\/goethemalcesine.com\/de\/wp-json\/wp\/v2\/pages"}],"about":[{"href":"https:\/\/goethemalcesine.com\/de\/wp-json\/wp\/v2\/types\/page"}],"author":[{"embeddable":true,"href":"https:\/\/goethemalcesine.com\/de\/wp-json\/wp\/v2\/users\/1"}],"replies":[{"embeddable":true,"href":"https:\/\/goethemalcesine.com\/de\/wp-json\/wp\/v2\/comments?post=4889"}],"version-history":[{"count":2,"href":"https:\/\/goethemalcesine.com\/de\/wp-json\/wp\/v2\/pages\/4889\/revisions"}],"predecessor-version":[{"id":4914,"href":"https:\/\/goethemalcesine.com\/de\/wp-json\/wp\/v2\/pages\/4889\/revisions\/4914"}],"wp:attachment":[{"href":"https:\/\/goethemalcesine.com\/de\/wp-json\/wp\/v2\/media?parent=4889"}],"curies":[{"name":"wp","href":"https:\/\/api.w.org\/{rel}","templated":true}]}}